{"id":46,"date":"2025-12-22T12:15:15","date_gmt":"2025-12-22T11:15:15","guid":{"rendered":"https:\/\/liloyoga.com\/?page_id=46"},"modified":"2026-04-14T11:19:58","modified_gmt":"2026-04-14T09:19:58","slug":"aviso-legal","status":"publish","type":"page","link":"https:\/\/liloyoga.com\/en\/aviso-legal\/","title":{"rendered":"Legal notice"},"content":{"rendered":"<div data-elementor-type=\"wp-page\" data-elementor-id=\"46\" class=\"elementor elementor-46\" data-elementor-post-type=\"page\">\n\t\t\t\t<div class=\"elementor-element elementor-element-f9264e1 e-flex e-con-boxed e-con e-parent\" data-id=\"f9264e1\" data-element_type=\"container\" data-e-type=\"container\" data-settings=\"{&quot;background_background&quot;:&quot;classic&quot;}\">\n\t\t\t\t\t<div class=\"e-con-inner\">\n\t\t\t\t<div class=\"elementor-element elementor-element-7375de2 elementor-widget elementor-widget-heading\" data-id=\"7375de2\" data-element_type=\"widget\" data-e-type=\"widget\" data-widget_type=\"heading.default\">\n\t\t\t\t<div class=\"elementor-widget-container\">\n\t\t\t\t\t<h2 class=\"elementor-heading-title elementor-size-default\">Legal notice and general terms of use.\n<\/h2>\t\t\t\t<\/div>\n\t\t\t\t<\/div>\n\t\t\t\t<div class=\"elementor-element elementor-element-365ceb7 elementor-widget elementor-widget-text-editor\" data-id=\"365ceb7\" data-element_type=\"widget\" data-e-type=\"widget\" data-widget_type=\"text-editor.default\">\n\t\t\t\t<div class=\"elementor-widget-container\">\n\t\t\t\t\t\t\t\t\t<p>I. GENERAL INFORMATION<\/p>\t\t\t\t\t\t\t\t<\/div>\n\t\t\t\t<\/div>\n\t\t\t\t<div class=\"elementor-element elementor-element-926db1a elementor-widget elementor-widget-text-editor\" data-id=\"926db1a\" data-element_type=\"widget\" data-e-type=\"widget\" data-widget_type=\"text-editor.default\">\n\t\t\t\t<div class=\"elementor-widget-container\">\n\t\t\t\t\t\t\t\t\t<p>In compliance with the duty to provide information established in Law 34\/2002 on Information Society Services and Electronic Commerce (LSSI-CE) of July 11, the following general information about this website is provided below:<\/p><p>The ownership of this website, https:\/\/liloyoga.com, (hereinafter, Website) belongs to: <strong>Azahara Casatejada P\u00e9rez<\/strong>, with NIF: 20541327G, and whose contact details are:<\/p><p>Contact email: <strong><a href=\"mailto:hola@liloyoga.com\">hola@liloyoga.com<\/a><\/strong><\/p>\t\t\t\t\t\t\t\t<\/div>\n\t\t\t\t<\/div>\n\t\t\t\t<div class=\"elementor-element elementor-element-93ce9c6 elementor-widget elementor-widget-text-editor\" data-id=\"93ce9c6\" data-element_type=\"widget\" data-e-type=\"widget\" data-widget_type=\"text-editor.default\">\n\t\t\t\t<div class=\"elementor-widget-container\">\n\t\t\t\t\t\t\t\t\t<p>II. GENERAL TERMS AND CONDITIONS OF USE<\/p>\t\t\t\t\t\t\t\t<\/div>\n\t\t\t\t<\/div>\n\t\t\t\t<div class=\"elementor-element elementor-element-a928815 elementor-widget elementor-widget-text-editor\" data-id=\"a928815\" data-element_type=\"widget\" data-e-type=\"widget\" data-widget_type=\"text-editor.default\">\n\t\t\t\t<div class=\"elementor-widget-container\">\n\t\t\t\t\t\t\t\t\t<p>The subject of the conditions: The Website<\/p>\t\t\t\t\t\t\t\t<\/div>\n\t\t\t\t<\/div>\n\t\t\t\t<div class=\"elementor-element elementor-element-9853b14 elementor-widget elementor-widget-text-editor\" data-id=\"9853b14\" data-element_type=\"widget\" data-e-type=\"widget\" data-widget_type=\"text-editor.default\">\n\t\t\t\t<div class=\"elementor-widget-container\">\n\t\t\t\t\t\t\t\t\t<p>The purpose of these General Terms of Use (hereinafter, Terms) is to regulate access to and use of the Website. For the purposes of these Terms, the Website shall be understood to mean: the external appearance of the screen interfaces, both static and dynamic, i.e., the navigation structure; and all elements integrated into both the screen interfaces and the navigation structure (hereinafter, Content) and all online services or resources that may be offered to Users (hereinafter, Services).<\/p><p>LILO YOGA reserves the right to modify, at any time and without prior notice, the presentation and configuration of the Website and the Content and Services that may be incorporated therein. The User acknowledges and accepts that LILO YOGA may, at any time, interrupt, disable, and\/or cancel any of these elements integrated into the Website or access to them.<\/p>\t\t\t\t\t\t\t\t<\/div>\n\t\t\t\t<\/div>\n\t\t\t\t<div class=\"elementor-element elementor-element-3ea7601 elementor-widget elementor-widget-text-editor\" data-id=\"3ea7601\" data-element_type=\"widget\" data-e-type=\"widget\" data-widget_type=\"text-editor.default\">\n\t\t\t\t<div class=\"elementor-widget-container\">\n\t\t\t\t\t\t\t\t\t<p>The User<\/p>\t\t\t\t\t\t\t\t<\/div>\n\t\t\t\t<\/div>\n\t\t\t\t<div class=\"elementor-element elementor-element-8eb39c5 elementor-widget elementor-widget-text-editor\" data-id=\"8eb39c5\" data-element_type=\"widget\" data-e-type=\"widget\" data-widget_type=\"text-editor.default\">\n\t\t\t\t<div class=\"elementor-widget-container\">\n\t\t\t\t\t\t\t\t\t<p>Accessing, browsing, and using this Website confers the status of User, and therefore, by beginning to browse the Website, you accept all the Conditions established herein, as well as any subsequent modifications, without prejudice to the application of the corresponding mandatory legal regulations as applicable. Given the importance of the foregoing, Users are advised to read them each time they visit the Website.<\/p><p>The LILO YOGA website provides a wide variety of information, services, and data. The user assumes responsibility for making proper use of the website. This responsibility extends to:<\/p><ul><li>Use of the information, content and\/or services and data offered by LILO YOGA in a manner that is not contrary to these Terms, the Law, morality or public order, or that may in any other way imply harm to the rights of third parties or the proper functioning of the Website.<\/li><li>The User is responsible for the accuracy and legality of the information provided in the forms provided by LILO YOGA for access to certain Content or Services offered by the Website. In any case, the User shall immediately notify LILO YOGA of any event that could lead to the misuse of the information registered in said forms, such as, but not limited to, theft, loss, or unauthorized access to usernames and\/or passwords, in order to proceed with their immediate cancellation.<\/li><\/ul><div>\u00a0<\/div><p>Mere access to this Website does not imply any type of commercial relationship between LILO YOGA and the User.<\/p>\t\t\t\t\t\t\t\t<\/div>\n\t\t\t\t<\/div>\n\t\t\t\t<div class=\"elementor-element elementor-element-e88fd8b elementor-widget elementor-widget-text-editor\" data-id=\"e88fd8b\" data-element_type=\"widget\" data-e-type=\"widget\" data-widget_type=\"text-editor.default\">\n\t\t\t\t<div class=\"elementor-widget-container\">\n\t\t\t\t\t\t\t\t\t<p>III. ACCESS AND NAVIGATION ON THE WEBSITE: EXCLUSION OF WARRANTIES AND LIABILITY<\/p>\t\t\t\t\t\t\t\t<\/div>\n\t\t\t\t<\/div>\n\t\t\t\t<div class=\"elementor-element elementor-element-efc09f1 elementor-widget elementor-widget-text-editor\" data-id=\"efc09f1\" data-element_type=\"widget\" data-e-type=\"widget\" data-widget_type=\"text-editor.default\">\n\t\t\t\t<div class=\"elementor-widget-container\">\n\t\t\t\t\t\t\t\t\t<p>LILO YOGA does not guarantee the continuity, availability, or usefulness of the Website, its Content, or Services. LILO YOGA will make every effort to ensure the proper functioning of the Website; however, it is not responsible for and does not guarantee that access to this Website will be uninterrupted or error-free.<\/p><p>LILO YOGA is not responsible for or guarantees that the content or software accessible through this Website is error-free or will not cause damage to the User&#039;s computer system (software and hardware). Under no circumstances will LILO YOGA be liable for any losses, damages, or harm of any kind arising from access to, browsing of, or use of the Website, including, but not limited to, damage to computer systems or damage caused by the introduction of viruses.<\/p><p>LILO YOGA is also not responsible for any damages that may be caused to users by improper use of this Website. In particular, it is not responsible in any way for any outages, interruptions, or defects in telecommunications that may occur.<\/p>\t\t\t\t\t\t\t\t<\/div>\n\t\t\t\t<\/div>\n\t\t\t\t<div class=\"elementor-element elementor-element-3a4f8c7 elementor-widget elementor-widget-text-editor\" data-id=\"3a4f8c7\" data-element_type=\"widget\" data-e-type=\"widget\" data-widget_type=\"text-editor.default\">\n\t\t\t\t<div class=\"elementor-widget-container\">\n\t\t\t\t\t\t\t\t\t<p>IV. LINKING POLICY<\/p>\t\t\t\t\t\t\t\t<\/div>\n\t\t\t\t<\/div>\n\t\t\t\t<div class=\"elementor-element elementor-element-91c8408 elementor-widget elementor-widget-text-editor\" data-id=\"91c8408\" data-element_type=\"widget\" data-e-type=\"widget\" data-widget_type=\"text-editor.default\">\n\t\t\t\t<div class=\"elementor-widget-container\">\n\t\t\t\t\t\t\t\t\t<p>LILO YOGA does not offer or market, either directly or through third parties, the products and\/or services available on these linked sites.<\/p><p>The User or third party who creates a hyperlink from a web page of another, different website to the LILO YOGA Website should know that:<\/p><p>Reproduction \u2014in whole or in part\u2014 of any of the Website Content and\/or Services is not permitted without the express authorization of LILO YOGA.<\/p><p>No false, inaccurate or incorrect statements about the LILO YOGA Website, or about its Content and\/or Services, are permitted.<\/p><p>With the exception of the hyperlink, the website in which said hyperlink is established shall not contain any element from this Website that is protected as intellectual property under Spanish law, unless expressly authorized by LILO YOGA.<\/p><p>The establishment of the hyperlink will not imply the existence of relationships between LILO YOGA and the owner of the website from which it is made, nor the knowledge and acceptance by LILO YOGA of the content, services and\/or activities offered on said website, and vice versa.<\/p>\t\t\t\t\t\t\t\t<\/div>\n\t\t\t\t<\/div>\n\t\t\t\t<div class=\"elementor-element elementor-element-39da252 elementor-widget elementor-widget-text-editor\" data-id=\"39da252\" data-element_type=\"widget\" data-e-type=\"widget\" data-widget_type=\"text-editor.default\">\n\t\t\t\t<div class=\"elementor-widget-container\">\n\t\t\t\t\t\t\t\t\t<p>V. INTELLECTUAL AND INDUSTRIAL PROPERTY<\/p>\t\t\t\t\t\t\t\t<\/div>\n\t\t\t\t<\/div>\n\t\t\t\t<div class=\"elementor-element elementor-element-c8775ac elementor-widget elementor-widget-text-editor\" data-id=\"c8775ac\" data-element_type=\"widget\" data-e-type=\"widget\" data-widget_type=\"text-editor.default\">\n\t\t\t\t<div class=\"elementor-widget-container\">\n\t\t\t\t\t\t\t\t\t<p>LILO YOGA, either directly or as an assignee, owns all intellectual and industrial property rights to the Website, as well as the elements contained therein (including, but not limited to, images, sound, audio, video, software or texts, trademarks or logos, color combinations, structure and design, selection of materials used, computer programs necessary for its operation, access and use, etc.). These are therefore works protected as intellectual property under Spanish law, and both Spanish and European Union regulations in this field, as well as international treaties on the subject to which Spain is a signatory, apply to them.<\/p><p>All rights reserved. In accordance with the provisions of the Intellectual Property Law, the reproduction, distribution and public communication, including making available, of all or part of the contents of this website for commercial purposes, in any medium and by any technical means, is expressly prohibited without the authorization of LILO YOGA.<\/p><p>The User agrees to respect LILO YOGA&#039;s intellectual and industrial property rights. The User may view the elements of the Website and even print, copy, and store them on their computer&#039;s hard drive or any other physical medium, provided it is exclusively for their personal use. However, the User may not delete, alter, or manipulate any protection device or security system installed on the Website.<\/p><p>If the User or a third party considers that any of the Website Content constitutes a violation of intellectual property rights, they must immediately notify LILO YOGA through the contact details in the GENERAL INFORMATION section of this Legal Notice and General Terms of Use.<\/p>\t\t\t\t\t\t\t\t<\/div>\n\t\t\t\t<\/div>\n\t\t\t\t<div class=\"elementor-element elementor-element-6d24bb3 elementor-widget elementor-widget-text-editor\" data-id=\"6d24bb3\" data-element_type=\"widget\" data-e-type=\"widget\" data-widget_type=\"text-editor.default\">\n\t\t\t\t<div class=\"elementor-widget-container\">\n\t\t\t\t\t\t\t\t\t<p>VI. LEGAL ACTIONS, APPLICABLE LAW AND JURISDICTION<\/p>\t\t\t\t\t\t\t\t<\/div>\n\t\t\t\t<\/div>\n\t\t\t\t<div class=\"elementor-element elementor-element-737421a elementor-widget elementor-widget-text-editor\" data-id=\"737421a\" data-element_type=\"widget\" data-e-type=\"widget\" data-widget_type=\"text-editor.default\">\n\t\t\t\t<div class=\"elementor-widget-container\">\n\t\t\t\t\t\t\t\t\t<p>LILO YOGA reserves the right to take any civil or criminal action it deems necessary for the misuse of the Website and Content, or for non-compliance with these Terms and Conditions.<\/p><p>The relationship between the User and LILO YOGA will be governed by the laws in force and applicable in Spain. Any dispute arising in connection with the interpretation and\/or application of these Terms and Conditions will be submitted to the ordinary courts of law, subject to the jurisdiction of the competent courts and tribunals.<\/p><p>This Legal Notice and General Terms of Use document for the website was created using the online legal notice and terms of use template generator on 16\/07\/2021.<\/p>\t\t\t\t\t\t\t\t<\/div>\n\t\t\t\t<\/div>\n\t\t\t\t\t<\/div>\n\t\t\t\t<\/div>\n\t\t\t\t<\/div>","protected":false},"excerpt":{"rendered":"<p>Aviso legal y condiciones generales de uso. I. INFORMACI\u00d3N GENERAL En cumplimiento con el deber de informaci\u00f3n dispuesto en la Ley 34\/2002 de Servicios de la Sociedad de la Informaci\u00f3n y el Comercio Electr\u00f3nico (LSSI-CE) de 11 de julio, se facilitan a continuaci\u00f3n los siguientes datos de informaci\u00f3n general de este sitio web: La titularidad [&hellip;]<\/p>\n","protected":false},"author":2,"featured_media":0,"parent":0,"menu_order":0,"comment_status":"closed","ping_status":"closed","template":"","meta":{"footnotes":""},"class_list":["post-46","page","type-page","status-publish","hentry"],"yoast_head":"<!-- This site is optimized with the Yoast SEO plugin v27.4 - https:\/\/yoast.com\/product\/yoast-seo-wordpress\/ -->\n<title>Aviso legal - Lilo Yoga C\u00e1diz<\/title>\n<meta name=\"robots\" content=\"noindex, follow\" \/>\n<meta property=\"og:locale\" content=\"en_GB\" \/>\n<meta property=\"og:type\" content=\"article\" \/>\n<meta property=\"og:title\" content=\"Aviso legal - Lilo Yoga C\u00e1diz\" \/>\n<meta property=\"og:description\" content=\"Aviso legal y condiciones generales de uso. I. INFORMACI\u00d3N GENERAL En cumplimiento con el deber de informaci\u00f3n dispuesto en la Ley 34\/2002 de Servicios de la Sociedad de la Informaci\u00f3n y el Comercio Electr\u00f3nico (LSSI-CE) de 11 de julio, se facilitan a continuaci\u00f3n los siguientes datos de informaci\u00f3n general de este sitio web: La titularidad [&hellip;]\" \/>\n<meta property=\"og:url\" content=\"https:\/\/liloyoga.com\/en\/aviso-legal\/\" \/>\n<meta property=\"og:site_name\" content=\"Lilo Yoga C\u00e1diz\" \/>\n<meta property=\"article:modified_time\" content=\"2026-04-14T09:19:58+00:00\" \/>\n<meta name=\"twitter:card\" content=\"summary_large_image\" \/>\n<meta name=\"twitter:label1\" content=\"Estimated reading time\" \/>\n\t<meta name=\"twitter:data1\" content=\"7 minutes\" \/>\n<script type=\"application\/ld+json\" class=\"yoast-schema-graph\">{\"@context\":\"https:\\\/\\\/schema.org\",\"@graph\":[{\"@type\":\"WebPage\",\"@id\":\"https:\\\/\\\/liloyoga.com\\\/aviso-legal\\\/\",\"url\":\"https:\\\/\\\/liloyoga.com\\\/aviso-legal\\\/\",\"name\":\"Aviso legal - Lilo Yoga C\u00e1diz\",\"isPartOf\":{\"@id\":\"https:\\\/\\\/liloyoga.com\\\/#website\"},\"datePublished\":\"2025-12-22T11:15:15+00:00\",\"dateModified\":\"2026-04-14T09:19:58+00:00\",\"breadcrumb\":{\"@id\":\"https:\\\/\\\/liloyoga.com\\\/aviso-legal\\\/#breadcrumb\"},\"inLanguage\":\"en-GB\",\"potentialAction\":[{\"@type\":\"ReadAction\",\"target\":[\"https:\\\/\\\/liloyoga.com\\\/aviso-legal\\\/\"]}]},{\"@type\":\"BreadcrumbList\",\"@id\":\"https:\\\/\\\/liloyoga.com\\\/aviso-legal\\\/#breadcrumb\",\"itemListElement\":[{\"@type\":\"ListItem\",\"position\":1,\"name\":\"Portada\",\"item\":\"https:\\\/\\\/liloyoga.com\\\/\"},{\"@type\":\"ListItem\",\"position\":2,\"name\":\"Aviso legal\"}]},{\"@type\":\"WebSite\",\"@id\":\"https:\\\/\\\/liloyoga.com\\\/#website\",\"url\":\"https:\\\/\\\/liloyoga.com\\\/\",\"name\":\"Lilo Yoga C\u00e1diz\",\"description\":\"Yoga y barr\u00e9 en C\u00e1diz\",\"publisher\":{\"@id\":\"https:\\\/\\\/liloyoga.com\\\/#organization\"},\"potentialAction\":[{\"@type\":\"SearchAction\",\"target\":{\"@type\":\"EntryPoint\",\"urlTemplate\":\"https:\\\/\\\/liloyoga.com\\\/?s={search_term_string}\"},\"query-input\":{\"@type\":\"PropertyValueSpecification\",\"valueRequired\":true,\"valueName\":\"search_term_string\"}}],\"inLanguage\":\"en-GB\"},{\"@type\":\"Organization\",\"@id\":\"https:\\\/\\\/liloyoga.com\\\/#organization\",\"name\":\"Lilo Yoga C\u00e1diz\",\"url\":\"https:\\\/\\\/liloyoga.com\\\/\",\"logo\":{\"@type\":\"ImageObject\",\"inLanguage\":\"en-GB\",\"@id\":\"https:\\\/\\\/liloyoga.com\\\/#\\\/schema\\\/logo\\\/image\\\/\",\"url\":\"https:\\\/\\\/liloyoga.com\\\/wp-content\\\/uploads\\\/2025\\\/11\\\/Lilo-logo-yoga.svg\",\"contentUrl\":\"https:\\\/\\\/liloyoga.com\\\/wp-content\\\/uploads\\\/2025\\\/11\\\/Lilo-logo-yoga.svg\",\"width\":4096,\"height\":2504,\"caption\":\"Lilo Yoga C\u00e1diz\"},\"image\":{\"@id\":\"https:\\\/\\\/liloyoga.com\\\/#\\\/schema\\\/logo\\\/image\\\/\"}}]}<\/script>\n<!-- \/ Yoast SEO plugin. -->","yoast_head_json":{"title":"Aviso legal - Lilo Yoga C\u00e1diz","robots":{"index":"noindex","follow":"follow"},"og_locale":"en_GB","og_type":"article","og_title":"Aviso legal - Lilo Yoga C\u00e1diz","og_description":"Aviso legal y condiciones generales de uso. I. INFORMACI\u00d3N GENERAL En cumplimiento con el deber de informaci\u00f3n dispuesto en la Ley 34\/2002 de Servicios de la Sociedad de la Informaci\u00f3n y el Comercio Electr\u00f3nico (LSSI-CE) de 11 de julio, se facilitan a continuaci\u00f3n los siguientes datos de informaci\u00f3n general de este sitio web: La titularidad [&hellip;]","og_url":"https:\/\/liloyoga.com\/en\/aviso-legal\/","og_site_name":"Lilo Yoga C\u00e1diz","article_modified_time":"2026-04-14T09:19:58+00:00","twitter_card":"summary_large_image","twitter_misc":{"Estimated reading time":"7 minutes"},"schema":{"@context":"https:\/\/schema.org","@graph":[{"@type":"WebPage","@id":"https:\/\/liloyoga.com\/aviso-legal\/","url":"https:\/\/liloyoga.com\/aviso-legal\/","name":"Aviso legal - Lilo Yoga C\u00e1diz","isPartOf":{"@id":"https:\/\/liloyoga.com\/#website"},"datePublished":"2025-12-22T11:15:15+00:00","dateModified":"2026-04-14T09:19:58+00:00","breadcrumb":{"@id":"https:\/\/liloyoga.com\/aviso-legal\/#breadcrumb"},"inLanguage":"en-GB","potentialAction":[{"@type":"ReadAction","target":["https:\/\/liloyoga.com\/aviso-legal\/"]}]},{"@type":"BreadcrumbList","@id":"https:\/\/liloyoga.com\/aviso-legal\/#breadcrumb","itemListElement":[{"@type":"ListItem","position":1,"name":"Portada","item":"https:\/\/liloyoga.com\/"},{"@type":"ListItem","position":2,"name":"Aviso legal"}]},{"@type":"WebSite","@id":"https:\/\/liloyoga.com\/#website","url":"https:\/\/liloyoga.com\/","name":"Lilo Yoga Cadiz","description":"Yoga and barre in Cadiz","publisher":{"@id":"https:\/\/liloyoga.com\/#organization"},"potentialAction":[{"@type":"SearchAction","target":{"@type":"EntryPoint","urlTemplate":"https:\/\/liloyoga.com\/?s={search_term_string}"},"query-input":{"@type":"PropertyValueSpecification","valueRequired":true,"valueName":"search_term_string"}}],"inLanguage":"en-GB"},{"@type":"Organization","@id":"https:\/\/liloyoga.com\/#organization","name":"Lilo Yoga Cadiz","url":"https:\/\/liloyoga.com\/","logo":{"@type":"ImageObject","inLanguage":"en-GB","@id":"https:\/\/liloyoga.com\/#\/schema\/logo\/image\/","url":"https:\/\/liloyoga.com\/wp-content\/uploads\/2025\/11\/Lilo-logo-yoga.svg","contentUrl":"https:\/\/liloyoga.com\/wp-content\/uploads\/2025\/11\/Lilo-logo-yoga.svg","width":4096,"height":2504,"caption":"Lilo Yoga C\u00e1diz"},"image":{"@id":"https:\/\/liloyoga.com\/#\/schema\/logo\/image\/"}}]}},"_links":{"self":[{"href":"https:\/\/liloyoga.com\/en\/wp-json\/wp\/v2\/pages\/46","targetHints":{"allow":["GET"]}}],"collection":[{"href":"https:\/\/liloyoga.com\/en\/wp-json\/wp\/v2\/pages"}],"about":[{"href":"https:\/\/liloyoga.com\/en\/wp-json\/wp\/v2\/types\/page"}],"author":[{"embeddable":true,"href":"https:\/\/liloyoga.com\/en\/wp-json\/wp\/v2\/users\/2"}],"replies":[{"embeddable":true,"href":"https:\/\/liloyoga.com\/en\/wp-json\/wp\/v2\/comments?post=46"}],"version-history":[{"count":13,"href":"https:\/\/liloyoga.com\/en\/wp-json\/wp\/v2\/pages\/46\/revisions"}],"predecessor-version":[{"id":364,"href":"https:\/\/liloyoga.com\/en\/wp-json\/wp\/v2\/pages\/46\/revisions\/364"}],"wp:attachment":[{"href":"https:\/\/liloyoga.com\/en\/wp-json\/wp\/v2\/media?parent=46"}],"curies":[{"name":"wp","href":"https:\/\/api.w.org\/{rel}","templated":true}]}}