{"id":36,"date":"2025-12-22T12:14:13","date_gmt":"2025-12-22T11:14:13","guid":{"rendered":"https:\/\/liloyoga.com\/?page_id=36"},"modified":"2026-04-14T12:47:47","modified_gmt":"2026-04-14T10:47:47","slug":"contacto","status":"publish","type":"page","link":"https:\/\/liloyoga.com\/en\/contacto\/","title":{"rendered":"Contact"},"content":{"rendered":"\t\t<div data-elementor-type=\"wp-page\" data-elementor-id=\"36\" class=\"elementor elementor-36\" data-elementor-post-type=\"page\">\n\t\t\t\t<div class=\"elementor-element elementor-element-9686e6f e-flex e-con-boxed e-con e-parent\" data-id=\"9686e6f\" data-element_type=\"container\" data-e-type=\"container\" data-settings=\"{&quot;background_background&quot;:&quot;classic&quot;}\">\n\t\t\t\t\t<div class=\"e-con-inner\">\n\t\t\t\t<div class=\"elementor-element elementor-element-ff8b337 elementor-widget-tablet__width-inherit elementor-widget elementor-widget-heading\" data-id=\"ff8b337\" data-element_type=\"widget\" data-e-type=\"widget\" data-widget_type=\"heading.default\">\n\t\t\t\t<div class=\"elementor-widget-container\">\n\t\t\t\t\t<h1 class=\"elementor-heading-title elementor-size-default\">Contacta <\/h1>\t\t\t\t<\/div>\n\t\t\t\t<\/div>\n\t\t\t\t<div class=\"elementor-element elementor-element-1a5f32e elementor-widget__width-inherit elementor-hidden-desktop elementor-hidden-tablet elementor-hidden-mobile elementor-widget elementor-widget-text-editor\" data-id=\"1a5f32e\" data-element_type=\"widget\" data-e-type=\"widget\" data-widget_type=\"text-editor.default\">\n\t\t\t\t<div class=\"elementor-widget-container\">\n\t\t\t\t\t\t\t\t\t<p><a href=\"tel:+34676342640\">4 676 342 640<\/a><\/p><p><a href=\"mailto:hola@liloyoga.com\">hola@liloyoga.com<\/a><\/p>\t\t\t\t\t\t\t\t<\/div>\n\t\t\t\t<\/div>\n\t\t<div class=\"elementor-element elementor-element-32e6879 e-con-full e-flex e-con e-child\" data-id=\"32e6879\" data-element_type=\"container\" data-e-type=\"container\">\n\t\t<div class=\"elementor-element elementor-element-ae9ffc9 e-con-full e-flex e-con e-child\" data-id=\"ae9ffc9\" data-element_type=\"container\" data-e-type=\"container\">\n\t\t\t\t<div class=\"elementor-element elementor-element-0663796 elementor-widget__width-initial elementor-widget elementor-widget-image\" data-id=\"0663796\" data-element_type=\"widget\" data-e-type=\"widget\" data-widget_type=\"image.default\">\n\t\t\t\t<div class=\"elementor-widget-container\">\n\t\t\t\t\t\t\t\t\t\t\t\t\t\t\t<img decoding=\"async\" width=\"177\" height=\"264\" src=\"https:\/\/liloyoga.com\/wp-content\/uploads\/2025\/12\/img-inicio1.webp\" class=\"attachment-full size-full wp-image-98\" alt=\"Azahara de Lilo Yoga disponible para atenderte en C\u00e1diz\" \/>\t\t\t\t\t\t\t\t\t\t\t\t\t\t\t<\/div>\n\t\t\t\t<\/div>\n\t\t<div class=\"elementor-element elementor-element-23ec3f1 e-con-full e-flex e-con e-child\" data-id=\"23ec3f1\" data-element_type=\"container\" data-e-type=\"container\">\n\t\t\t\t<div class=\"elementor-element elementor-element-ee50ff9 elementor-widget elementor-widget-text-editor\" data-id=\"ee50ff9\" data-element_type=\"widget\" data-e-type=\"widget\" data-widget_type=\"text-editor.default\">\n\t\t\t\t<div class=\"elementor-widget-container\">\n\t\t\t\t\t\t\t\t\t<p>Tambi\u00e9n puedes escribirme directamente por Instagram y te responder\u00e9 lo antes posible.<\/p><p><strong><a href=\"https:\/\/www.instagram.com\/liloyogacadiz\/\">Instagram<\/a><\/strong><\/p>\t\t\t\t\t\t\t\t<\/div>\n\t\t\t\t<\/div>\n\t\t\t\t<\/div>\n\t\t\t\t<\/div>\n\t\t<div class=\"elementor-element elementor-element-a9a9d95 e-con-full e-flex e-con e-child\" data-id=\"a9a9d95\" data-element_type=\"container\" data-e-type=\"container\">\n\t\t\t\t<div class=\"elementor-element elementor-element-80bf664 elementor-widget-mobile__width-initial elementor-widget__width-inherit elementor-invisible elementor-widget elementor-widget-text-editor\" data-id=\"80bf664\" data-element_type=\"widget\" data-e-type=\"widget\" data-settings=\"{&quot;_animation&quot;:&quot;fadeInUp&quot;}\" data-widget_type=\"text-editor.default\">\n\t\t\t\t<div class=\"elementor-widget-container\">\n\t\t\t\t\t\t\t\t\t<p><b>Lunes a Viernes:\u00a0 \u00a0 \u00a0 \u00a0<\/b>09:00 a 15:00<\/p><p><strong>S\u00e1bado y Domingo:<\/strong>\u00a0 \u00a0cerrado<\/p>\t\t\t\t\t\t\t\t<\/div>\n\t\t\t\t<\/div>\n\t\t\t\t<\/div>\n\t\t\t\t<\/div>\n\t\t\t\t\t<\/div>\n\t\t\t\t<\/div>\n\t\t<div class=\"elementor-element elementor-element-6e1259d e-flex e-con-boxed e-con e-parent\" data-id=\"6e1259d\" data-element_type=\"container\" data-e-type=\"container\" data-settings=\"{&quot;background_background&quot;:&quot;classic&quot;}\">\n\t\t\t\t\t<div class=\"e-con-inner\">\n\t\t<div class=\"elementor-element elementor-element-9ab831e e-con-full e-flex e-con e-child\" data-id=\"9ab831e\" data-element_type=\"container\" data-e-type=\"container\">\n\t\t\t\t<div class=\"elementor-element elementor-element-09725bf elementor-widget elementor-widget-image\" data-id=\"09725bf\" data-element_type=\"widget\" data-e-type=\"widget\" data-widget_type=\"image.default\">\n\t\t\t\t<div class=\"elementor-widget-container\">\n\t\t\t\t\t\t\t\t\t\t\t\t\t\t\t<img fetchpriority=\"high\" decoding=\"async\" width=\"2327\" height=\"1235\" src=\"https:\/\/liloyoga.com\/wp-content\/uploads\/2026\/01\/yoga.webp\" class=\"attachment-full size-full wp-image-335\" alt=\"Contacta con Lilo Yoga C\u00e1diz para informaci\u00f3n sobre clases, eventos y retiros\" srcset=\"https:\/\/liloyoga.com\/wp-content\/uploads\/2026\/01\/yoga.webp 2327w, https:\/\/liloyoga.com\/wp-content\/uploads\/2026\/01\/yoga-300x159.webp 300w, https:\/\/liloyoga.com\/wp-content\/uploads\/2026\/01\/yoga-1024x543.webp 1024w, https:\/\/liloyoga.com\/wp-content\/uploads\/2026\/01\/yoga-768x408.webp 768w, https:\/\/liloyoga.com\/wp-content\/uploads\/2026\/01\/yoga-1536x815.webp 1536w, https:\/\/liloyoga.com\/wp-content\/uploads\/2026\/01\/yoga-2048x1087.webp 2048w\" sizes=\"(max-width: 2327px) 100vw, 2327px\" \/>\t\t\t\t\t\t\t\t\t\t\t\t\t\t\t<\/div>\n\t\t\t\t<\/div>\n\t\t\t\t<div class=\"elementor-element elementor-element-ddac669 elementor-widget__width-initial elementor-invisible elementor-widget elementor-widget-heading\" data-id=\"ddac669\" data-element_type=\"widget\" data-e-type=\"widget\" data-settings=\"{&quot;_animation&quot;:&quot;fadeIn&quot;}\" data-widget_type=\"heading.default\">\n\t\t\t\t<div class=\"elementor-widget-container\">\n\t\t\t\t\t<h2 class=\"elementor-heading-title elementor-size-default\">\u00bfHablamos?<\/h2>\t\t\t\t<\/div>\n\t\t\t\t<\/div>\n\t\t\t\t<div class=\"elementor-element elementor-element-aa6318f elementor-widget elementor-widget-text-editor\" data-id=\"aa6318f\" data-element_type=\"widget\" data-e-type=\"widget\" data-widget_type=\"text-editor.default\">\n\t\t\t\t<div class=\"elementor-widget-container\">\n\t\t\t\t\t\t\t\t\t<p>Si tienes dudas, quieres m\u00e1s informaci\u00f3n o necesitas ayuda para elegir la opci\u00f3n que mejor encaje contigo, escr\u00edbeme. Estar\u00e9 encantada de acompa\u00f1arte y orientarte.<\/p>\t\t\t\t\t\t\t\t<\/div>\n\t\t\t\t<\/div>\n\t\t\t\t<div class=\"elementor-element elementor-element-e9e7473 elementor-icon-list--layout-traditional elementor-list-item-link-full_width elementor-widget elementor-widget-icon-list\" data-id=\"e9e7473\" data-element_type=\"widget\" data-e-type=\"widget\" data-widget_type=\"icon-list.default\">\n\t\t\t\t<div class=\"elementor-widget-container\">\n\t\t\t\t\t\t\t<ul class=\"elementor-icon-list-items\">\n\t\t\t\t\t\t\t<li class=\"elementor-icon-list-item\">\n\t\t\t\t\t\t\t\t\t\t\t<a href=\"mailto:hola@liloyoga.com\" target=\"_blank\">\n\n\t\t\t\t\t\t\t\t\t\t\t\t<span class=\"elementor-icon-list-icon\">\n\t\t\t\t\t\t\t<svg aria-hidden=\"true\" class=\"e-font-icon-svg e-far-envelope\" viewBox=\"0 0 512 512\" xmlns=\"http:\/\/www.w3.org\/2000\/svg\"><path d=\"M464 64H48C21.49 64 0 85.49 0 112v288c0 26.51 21.49 48 48 48h416c26.51 0 48-21.49 48-48V112c0-26.51-21.49-48-48-48zm0 48v40.805c-22.422 18.259-58.168 46.651-134.587 106.49-16.841 13.247-50.201 45.072-73.413 44.701-23.208.375-56.579-31.459-73.413-44.701C106.18 199.465 70.425 171.067 48 152.805V112h416zM48 400V214.398c22.914 18.251 55.409 43.862 104.938 82.646 21.857 17.205 60.134 55.186 103.062 54.955 42.717.231 80.509-37.199 103.053-54.947 49.528-38.783 82.032-64.401 104.947-82.653V400H48z\"><\/path><\/svg>\t\t\t\t\t\t<\/span>\n\t\t\t\t\t\t\t\t\t\t<span class=\"elementor-icon-list-text\">hola@liloyoga.com<\/span>\n\t\t\t\t\t\t\t\t\t\t\t<\/a>\n\t\t\t\t\t\t\t\t\t<\/li>\n\t\t\t\t\t\t\t\t<li class=\"elementor-icon-list-item\">\n\t\t\t\t\t\t\t\t\t\t\t<a href=\"https:\/\/wa.me\/+34676342640\" target=\"_blank\">\n\n\t\t\t\t\t\t\t\t\t\t\t\t<span class=\"elementor-icon-list-icon\">\n\t\t\t\t\t\t\t<svg aria-hidden=\"true\" class=\"e-font-icon-svg e-fab-whatsapp\" viewBox=\"0 0 448 512\" xmlns=\"http:\/\/www.w3.org\/2000\/svg\"><path d=\"M380.9 97.1C339 55.1 283.2 32 223.9 32c-122.4 0-222 99.6-222 222 0 39.1 10.2 77.3 29.6 111L0 480l117.7-30.9c32.4 17.7 68.9 27 106.1 27h.1c122.3 0 224.1-99.6 224.1-222 0-59.3-25.2-115-67.1-157zm-157 341.6c-33.2 0-65.7-8.9-94-25.7l-6.7-4-69.8 18.3L72 359.2l-4.4-7c-18.5-29.4-28.2-63.3-28.2-98.2 0-101.7 82.8-184.5 184.6-184.5 49.3 0 95.6 19.2 130.4 54.1 34.8 34.9 56.2 81.2 56.1 130.5 0 101.8-84.9 184.6-186.6 184.6zm101.2-138.2c-5.5-2.8-32.8-16.2-37.9-18-5.1-1.9-8.8-2.8-12.5 2.8-3.7 5.6-14.3 18-17.6 21.8-3.2 3.7-6.5 4.2-12 1.4-32.6-16.3-54-29.1-75.5-66-5.7-9.8 5.7-9.1 16.3-30.3 1.8-3.7.9-6.9-.5-9.7-1.4-2.8-12.5-30.1-17.1-41.2-4.5-10.8-9.1-9.3-12.5-9.5-3.2-.2-6.9-.2-10.6-.2-3.7 0-9.7 1.4-14.8 6.9-5.1 5.6-19.4 19-19.4 46.3 0 27.3 19.9 53.7 22.6 57.4 2.8 3.7 39.1 59.7 94.8 83.8 35.2 15.2 49 16.5 66.6 13.9 10.7-1.6 32.8-13.4 37.4-26.4 4.6-13 4.6-24.1 3.2-26.4-1.3-2.5-5-3.9-10.5-6.6z\"><\/path><\/svg>\t\t\t\t\t\t<\/span>\n\t\t\t\t\t\t\t\t\t\t<span class=\"elementor-icon-list-text\">WhatsApp<\/span>\n\t\t\t\t\t\t\t\t\t\t\t<\/a>\n\t\t\t\t\t\t\t\t\t<\/li>\n\t\t\t\t\t\t<\/ul>\n\t\t\t\t\t\t<\/div>\n\t\t\t\t<\/div>\n\t\t\t\t<\/div>\n\t\t\t\t<div class=\"elementor-element elementor-element-a83095d olab-contact-form elementor-widget__width-initial elementor-button-align-stretch elementor-widget elementor-widget-form\" data-id=\"a83095d\" data-element_type=\"widget\" data-e-type=\"widget\" data-settings=\"{&quot;step_next_label&quot;:&quot;Siguiente&quot;,&quot;step_previous_label&quot;:&quot;Anterior&quot;,&quot;button_width&quot;:&quot;100&quot;,&quot;step_type&quot;:&quot;number_text&quot;,&quot;step_icon_shape&quot;:&quot;circle&quot;}\" data-widget_type=\"form.default\">\n\t\t\t\t<div class=\"elementor-widget-container\">\n\t\t\t\t\t\t\t<form class=\"elementor-form\" method=\"post\" name=\"Formulario Contacto\" aria-label=\"Formulario Contacto\">\n\t\t\t<input type=\"hidden\" name=\"post_id\" value=\"36\"\/>\n\t\t\t<input type=\"hidden\" name=\"form_id\" value=\"a83095d\"\/>\n\t\t\t<input type=\"hidden\" name=\"referer_title\" value=\"Lilo Yoga C\u00e1diz\" \/>\n\n\t\t\t\n\t\t\t<div class=\"elementor-form-fields-wrapper elementor-labels-above\">\n\t\t\t\t\t\t\t\t<div class=\"elementor-field-type-text elementor-field-group elementor-column elementor-field-group-name elementor-col-100\">\n\t\t\t\t\t\t\t\t\t\t\t\t<label for=\"form-field-name\" class=\"elementor-field-label\">\n\t\t\t\t\t\t\t\tTu nombre\t\t\t\t\t\t\t<\/label>\n\t\t\t\t\t\t\t\t\t\t\t\t\t\t<input size=\"1\" type=\"text\" name=\"form_fields[name]\" id=\"form-field-name\" class=\"elementor-field elementor-size-sm  elementor-field-textual\" placeholder=\"Nombre\">\n\t\t\t\t\t\t\t\t\t\t\t<\/div>\n\t\t\t\t\t\t\t\t<div class=\"elementor-field-type-email elementor-field-group elementor-column elementor-field-group-email elementor-col-100 elementor-field-required elementor-mark-required\">\n\t\t\t\t\t\t\t\t\t\t\t\t<label for=\"form-field-email\" class=\"elementor-field-label\">\n\t\t\t\t\t\t\t\tTu Mail\t\t\t\t\t\t\t<\/label>\n\t\t\t\t\t\t\t\t\t\t\t\t\t\t<input size=\"1\" type=\"email\" name=\"form_fields[email]\" id=\"form-field-email\" class=\"elementor-field elementor-size-sm  elementor-field-textual\" placeholder=\"Email\" required=\"required\">\n\t\t\t\t\t\t\t\t\t\t\t<\/div>\n\t\t\t\t\t\t\t\t<div class=\"elementor-field-type-tel elementor-field-group elementor-column elementor-field-group-field_f12bae0 elementor-col-100 elementor-field-required elementor-mark-required\">\n\t\t\t\t\t\t\t\t\t\t\t\t<label for=\"form-field-field_f12bae0\" class=\"elementor-field-label\">\n\t\t\t\t\t\t\t\tTu Tel\u00e9fono\t\t\t\t\t\t\t<\/label>\n\t\t\t\t\t\t\t\t<input size=\"1\" type=\"tel\" name=\"form_fields[field_f12bae0]\" id=\"form-field-field_f12bae0\" class=\"elementor-field elementor-size-sm  elementor-field-textual\" placeholder=\"Tel\u00e9fono\" required=\"required\" pattern=\"[0-9()#&amp;+*-=.]+\" title=\"Only numbers and phone characters (#, -, *, etc) are accepted.\">\n\n\t\t\t\t\t\t<\/div>\n\t\t\t\t\t\t\t\t<div class=\"elementor-field-type-select elementor-field-group elementor-column elementor-field-group-field_6e5ad4c elementor-col-100\">\n\t\t\t\t\t\t\t\t\t\t\t\t<label for=\"form-field-field_6e5ad4c\" class=\"elementor-field-label\">\n\t\t\t\t\t\t\t\tEn qu\u00e9 est\u00e1s interesado\/a\t\t\t\t\t\t\t<\/label>\n\t\t\t\t\t\t\t\t<div class=\"elementor-field elementor-select-wrapper remove-before \">\n\t\t\t<div class=\"select-caret-down-wrapper\">\n\t\t\t\t<svg aria-hidden=\"true\" class=\"e-font-icon-svg e-eicon-caret-down\" viewBox=\"0 0 571.4 571.4\" xmlns=\"http:\/\/www.w3.org\/2000\/svg\"><path d=\"M571 393Q571 407 561 418L311 668Q300 679 286 679T261 668L11 418Q0 407 0 393T11 368 36 357H536Q550 357 561 368T571 393Z\"><\/path><\/svg>\t\t\t<\/div>\n\t\t\t<select name=\"form_fields[field_6e5ad4c]\" id=\"form-field-field_6e5ad4c\" class=\"elementor-field-textual elementor-size-sm\">\n\t\t\t\t\t\t\t\t\t<option value=\"\">Retiros <\/option>\n\t\t\t\t\t\t\t\t\t<option value=\"\">Clases <\/option>\n\t\t\t\t\t\t\t\t\t<option value=\"\">Workshops <\/option>\n\t\t\t\t\t\t\t\t\t<option value=\"Eventos\">Eventos<\/option>\n\t\t\t\t\t\t\t\t\t<option value=\"\"><\/option>\n\t\t\t\t\t\t\t<\/select>\n\t\t<\/div>\n\t\t\t\t\t\t<\/div>\n\t\t\t\t\t\t\t\t<div class=\"elementor-field-type-text\">\n\t\t\t\t\t<input size=\"1\" type=\"text\" name=\"form_fields[field_8ad274f]\" id=\"form-field-field_8ad274f\" class=\"elementor-field elementor-size-sm \" style=\"display:none !important;\">\t\t\t\t<\/div>\n\t\t\t\t\t\t\t\t<div class=\"elementor-field-type-acceptance elementor-field-group elementor-column elementor-field-group-field_6e21b72 elementor-col-100\">\n\t\t\t\t\t\t\t<div class=\"elementor-field-subgroup\">\n\t\t\t<span class=\"elementor-field-option\">\n\t\t\t\t<input type=\"checkbox\" name=\"form_fields[field_6e21b72]\" id=\"form-field-field_6e21b72\" class=\"elementor-field elementor-size-sm  elementor-acceptance-field\">\n\t\t\t\t<label for=\"form-field-field_6e21b72\">Acepto la <a style=\"font-weight: 700; text-decoration: underline;\" href=\"\/politica-privacidad\">pol\u00edtica de privacidad<\/a><\/label>\t\t\t<\/span>\n\t\t<\/div>\n\t\t\t\t\t\t<\/div>\n\t\t\t\t\t\t\t\t<div class=\"elementor-field-type-recaptcha_v3 elementor-field-group elementor-column elementor-field-group-field_b89f123 elementor-col-100 recaptcha_v3-bottomleft\">\n\t\t\t\t\t<div class=\"elementor-field\" id=\"form-field-field_b89f123\"><div class=\"elementor-g-recaptcha\" data-sitekey=\"6LcWY1osAAAAANSPqZQeCIxJzgBamFutOAij94Dn\" data-type=\"v3\" data-action=\"Form\" data-badge=\"bottomleft\" data-size=\"invisible\"><\/div><\/div>\t\t\t\t<\/div>\n\t\t\t\t\t\t\t\t<div class=\"elementor-field-group elementor-column elementor-field-type-submit elementor-col-100 e-form__buttons\">\n\t\t\t\t\t<button class=\"elementor-button elementor-size-md\" type=\"submit\">\n\t\t\t\t\t\t<span class=\"elementor-button-content-wrapper\">\n\t\t\t\t\t\t\t\t\t\t\t\t\t\t\t\t\t\t\t\t\t\t<span class=\"elementor-button-text\">Enviar<\/span>\n\t\t\t\t\t\t\t\t\t\t\t\t\t<\/span>\n\t\t\t\t\t<\/button>\n\t\t\t\t<\/div>\n\t\t\t<\/div>\n\t\t<\/form>\n\t\t\t\t\t\t<\/div>\n\t\t\t\t<\/div>\n\t\t\t\t\t<\/div>\n\t\t\t\t<\/div>\n\t\t\t\t<\/div>\n\t\t","protected":false},"excerpt":{"rendered":"<p>Contacta 4 676 342 640 hola@liloyoga.com Tambi\u00e9n puedes escribirme directamente por Instagram y te responder\u00e9 lo antes posible. Instagram Lunes a Viernes:\u00a0 \u00a0 \u00a0 \u00a009:00 a 15:00 S\u00e1bado y Domingo:\u00a0 \u00a0cerrado \u00bfHablamos? Si tienes dudas, quieres m\u00e1s informaci\u00f3n o necesitas ayuda para elegir la opci\u00f3n que mejor encaje contigo, escr\u00edbeme. Estar\u00e9 encantada de acompa\u00f1arte y [&hellip;]<\/p>\n","protected":false},"author":2,"featured_media":98,"parent":0,"menu_order":0,"comment_status":"closed","ping_status":"closed","template":"","meta":{"footnotes":""},"class_list":["post-36","page","type-page","status-publish","has-post-thumbnail","hentry"],"yoast_head":"<!-- This site is optimized with the Yoast SEO plugin v27.4 - https:\/\/yoast.com\/product\/yoast-seo-wordpress\/ -->\n<title>Contacto | Centro de Yoga en C\u00e1diz \u2013 Lilo Yoga<\/title>\n<meta name=\"description\" content=\"\u00bfTienes dudas sobre clases, eventos o retiros? Escr\u00edbenos y te orientamos sin compromiso. Lilo Yoga, C. Garc\u00eda Carrera 43, C\u00e1diz.\" \/>\n<meta name=\"robots\" content=\"index, follow, max-snippet:-1, max-image-preview:large, max-video-preview:-1\" \/>\n<link rel=\"canonical\" href=\"https:\/\/liloyoga.com\/en\/contacto\/\" \/>\n<meta property=\"og:locale\" content=\"en_GB\" \/>\n<meta property=\"og:type\" content=\"article\" \/>\n<meta property=\"og:title\" content=\"Contacto | Centro de Yoga en C\u00e1diz \u2013 Lilo Yoga\" \/>\n<meta property=\"og:description\" content=\"\u00bfTienes dudas sobre clases, eventos o retiros? Escr\u00edbenos y te orientamos sin compromiso. Lilo Yoga, C. Garc\u00eda Carrera 43, C\u00e1diz.\" \/>\n<meta property=\"og:url\" content=\"https:\/\/liloyoga.com\/en\/contacto\/\" \/>\n<meta property=\"og:site_name\" content=\"Lilo Yoga C\u00e1diz\" \/>\n<meta property=\"article:modified_time\" content=\"2026-04-14T10:47:47+00:00\" \/>\n<meta property=\"og:image\" content=\"https:\/\/liloyoga.com\/wp-content\/uploads\/2025\/12\/img-inicio1.webp\" \/>\n\t<meta property=\"og:image:width\" content=\"177\" \/>\n\t<meta property=\"og:image:height\" content=\"264\" \/>\n\t<meta property=\"og:image:type\" content=\"image\/webp\" \/>\n<meta name=\"twitter:card\" content=\"summary_large_image\" \/>\n<meta name=\"twitter:label1\" content=\"Estimated reading time\" \/>\n\t<meta name=\"twitter:data1\" content=\"1 minute\" \/>\n<script type=\"application\/ld+json\" class=\"yoast-schema-graph\">{\"@context\":\"https:\\\/\\\/schema.org\",\"@graph\":[{\"@type\":\"WebPage\",\"@id\":\"https:\\\/\\\/liloyoga.com\\\/contacto\\\/\",\"url\":\"https:\\\/\\\/liloyoga.com\\\/contacto\\\/\",\"name\":\"Contacto | Centro de Yoga en C\u00e1diz \u2013 Lilo Yoga\",\"isPartOf\":{\"@id\":\"https:\\\/\\\/liloyoga.com\\\/#website\"},\"primaryImageOfPage\":{\"@id\":\"https:\\\/\\\/liloyoga.com\\\/contacto\\\/#primaryimage\"},\"image\":{\"@id\":\"https:\\\/\\\/liloyoga.com\\\/contacto\\\/#primaryimage\"},\"thumbnailUrl\":\"https:\\\/\\\/liloyoga.com\\\/wp-content\\\/uploads\\\/2025\\\/12\\\/img-inicio1.webp\",\"datePublished\":\"2025-12-22T11:14:13+00:00\",\"dateModified\":\"2026-04-14T10:47:47+00:00\",\"description\":\"\u00bfTienes dudas sobre clases, eventos o retiros? Escr\u00edbenos y te orientamos sin compromiso. Lilo Yoga, C. Garc\u00eda Carrera 43, C\u00e1diz.\",\"breadcrumb\":{\"@id\":\"https:\\\/\\\/liloyoga.com\\\/contacto\\\/#breadcrumb\"},\"inLanguage\":\"en-GB\",\"potentialAction\":[{\"@type\":\"ReadAction\",\"target\":[\"https:\\\/\\\/liloyoga.com\\\/contacto\\\/\"]}]},{\"@type\":\"ImageObject\",\"inLanguage\":\"en-GB\",\"@id\":\"https:\\\/\\\/liloyoga.com\\\/contacto\\\/#primaryimage\",\"url\":\"https:\\\/\\\/liloyoga.com\\\/wp-content\\\/uploads\\\/2025\\\/12\\\/img-inicio1.webp\",\"contentUrl\":\"https:\\\/\\\/liloyoga.com\\\/wp-content\\\/uploads\\\/2025\\\/12\\\/img-inicio1.webp\",\"width\":177,\"height\":264,\"caption\":\"Azahara de Lilo Yoga disponible para atenderte en C\u00e1diz\"},{\"@type\":\"BreadcrumbList\",\"@id\":\"https:\\\/\\\/liloyoga.com\\\/contacto\\\/#breadcrumb\",\"itemListElement\":[{\"@type\":\"ListItem\",\"position\":1,\"name\":\"Portada\",\"item\":\"https:\\\/\\\/liloyoga.com\\\/\"},{\"@type\":\"ListItem\",\"position\":2,\"name\":\"Contacto\"}]},{\"@type\":\"WebSite\",\"@id\":\"https:\\\/\\\/liloyoga.com\\\/#website\",\"url\":\"https:\\\/\\\/liloyoga.com\\\/\",\"name\":\"Lilo Yoga C\u00e1diz\",\"description\":\"Yoga y barr\u00e9 en C\u00e1diz\",\"publisher\":{\"@id\":\"https:\\\/\\\/liloyoga.com\\\/#organization\"},\"potentialAction\":[{\"@type\":\"SearchAction\",\"target\":{\"@type\":\"EntryPoint\",\"urlTemplate\":\"https:\\\/\\\/liloyoga.com\\\/?s={search_term_string}\"},\"query-input\":{\"@type\":\"PropertyValueSpecification\",\"valueRequired\":true,\"valueName\":\"search_term_string\"}}],\"inLanguage\":\"en-GB\"},{\"@type\":\"Organization\",\"@id\":\"https:\\\/\\\/liloyoga.com\\\/#organization\",\"name\":\"Lilo Yoga C\u00e1diz\",\"url\":\"https:\\\/\\\/liloyoga.com\\\/\",\"logo\":{\"@type\":\"ImageObject\",\"inLanguage\":\"en-GB\",\"@id\":\"https:\\\/\\\/liloyoga.com\\\/#\\\/schema\\\/logo\\\/image\\\/\",\"url\":\"https:\\\/\\\/liloyoga.com\\\/wp-content\\\/uploads\\\/2025\\\/11\\\/Lilo-logo-yoga.svg\",\"contentUrl\":\"https:\\\/\\\/liloyoga.com\\\/wp-content\\\/uploads\\\/2025\\\/11\\\/Lilo-logo-yoga.svg\",\"width\":4096,\"height\":2504,\"caption\":\"Lilo Yoga C\u00e1diz\"},\"image\":{\"@id\":\"https:\\\/\\\/liloyoga.com\\\/#\\\/schema\\\/logo\\\/image\\\/\"}}]}<\/script>\n<!-- \/ Yoast SEO plugin. -->","yoast_head_json":{"title":"Contacto | Centro de Yoga en C\u00e1diz \u2013 Lilo Yoga","description":"\u00bfTienes dudas sobre clases, eventos o retiros? Escr\u00edbenos y te orientamos sin compromiso. Lilo Yoga, C. Garc\u00eda Carrera 43, C\u00e1diz.","robots":{"index":"index","follow":"follow","max-snippet":"max-snippet:-1","max-image-preview":"max-image-preview:large","max-video-preview":"max-video-preview:-1"},"canonical":"https:\/\/liloyoga.com\/en\/contacto\/","og_locale":"en_GB","og_type":"article","og_title":"Contacto | Centro de Yoga en C\u00e1diz \u2013 Lilo Yoga","og_description":"\u00bfTienes dudas sobre clases, eventos o retiros? Escr\u00edbenos y te orientamos sin compromiso. Lilo Yoga, C. Garc\u00eda Carrera 43, C\u00e1diz.","og_url":"https:\/\/liloyoga.com\/en\/contacto\/","og_site_name":"Lilo Yoga C\u00e1diz","article_modified_time":"2026-04-14T10:47:47+00:00","og_image":[{"width":177,"height":264,"url":"https:\/\/liloyoga.com\/wp-content\/uploads\/2025\/12\/img-inicio1.webp","type":"image\/webp"}],"twitter_card":"summary_large_image","twitter_misc":{"Estimated reading time":"1 minute"},"schema":{"@context":"https:\/\/schema.org","@graph":[{"@type":"WebPage","@id":"https:\/\/liloyoga.com\/contacto\/","url":"https:\/\/liloyoga.com\/contacto\/","name":"Contacto | Centro de Yoga en C\u00e1diz \u2013 Lilo Yoga","isPartOf":{"@id":"https:\/\/liloyoga.com\/#website"},"primaryImageOfPage":{"@id":"https:\/\/liloyoga.com\/contacto\/#primaryimage"},"image":{"@id":"https:\/\/liloyoga.com\/contacto\/#primaryimage"},"thumbnailUrl":"https:\/\/liloyoga.com\/wp-content\/uploads\/2025\/12\/img-inicio1.webp","datePublished":"2025-12-22T11:14:13+00:00","dateModified":"2026-04-14T10:47:47+00:00","description":"\u00bfTienes dudas sobre clases, eventos o retiros? Escr\u00edbenos y te orientamos sin compromiso. Lilo Yoga, C. Garc\u00eda Carrera 43, C\u00e1diz.","breadcrumb":{"@id":"https:\/\/liloyoga.com\/contacto\/#breadcrumb"},"inLanguage":"en-GB","potentialAction":[{"@type":"ReadAction","target":["https:\/\/liloyoga.com\/contacto\/"]}]},{"@type":"ImageObject","inLanguage":"en-GB","@id":"https:\/\/liloyoga.com\/contacto\/#primaryimage","url":"https:\/\/liloyoga.com\/wp-content\/uploads\/2025\/12\/img-inicio1.webp","contentUrl":"https:\/\/liloyoga.com\/wp-content\/uploads\/2025\/12\/img-inicio1.webp","width":177,"height":264,"caption":"Azahara de Lilo Yoga disponible para atenderte en C\u00e1diz"},{"@type":"BreadcrumbList","@id":"https:\/\/liloyoga.com\/contacto\/#breadcrumb","itemListElement":[{"@type":"ListItem","position":1,"name":"Portada","item":"https:\/\/liloyoga.com\/"},{"@type":"ListItem","position":2,"name":"Contacto"}]},{"@type":"WebSite","@id":"https:\/\/liloyoga.com\/#website","url":"https:\/\/liloyoga.com\/","name":"Lilo Yoga Cadiz","description":"Yoga and barre in Cadiz","publisher":{"@id":"https:\/\/liloyoga.com\/#organization"},"potentialAction":[{"@type":"SearchAction","target":{"@type":"EntryPoint","urlTemplate":"https:\/\/liloyoga.com\/?s={search_term_string}"},"query-input":{"@type":"PropertyValueSpecification","valueRequired":true,"valueName":"search_term_string"}}],"inLanguage":"en-GB"},{"@type":"Organization","@id":"https:\/\/liloyoga.com\/#organization","name":"Lilo Yoga Cadiz","url":"https:\/\/liloyoga.com\/","logo":{"@type":"ImageObject","inLanguage":"en-GB","@id":"https:\/\/liloyoga.com\/#\/schema\/logo\/image\/","url":"https:\/\/liloyoga.com\/wp-content\/uploads\/2025\/11\/Lilo-logo-yoga.svg","contentUrl":"https:\/\/liloyoga.com\/wp-content\/uploads\/2025\/11\/Lilo-logo-yoga.svg","width":4096,"height":2504,"caption":"Lilo Yoga C\u00e1diz"},"image":{"@id":"https:\/\/liloyoga.com\/#\/schema\/logo\/image\/"}}]}},"_links":{"self":[{"href":"https:\/\/liloyoga.com\/en\/wp-json\/wp\/v2\/pages\/36","targetHints":{"allow":["GET"]}}],"collection":[{"href":"https:\/\/liloyoga.com\/en\/wp-json\/wp\/v2\/pages"}],"about":[{"href":"https:\/\/liloyoga.com\/en\/wp-json\/wp\/v2\/types\/page"}],"author":[{"embeddable":true,"href":"https:\/\/liloyoga.com\/en\/wp-json\/wp\/v2\/users\/2"}],"replies":[{"embeddable":true,"href":"https:\/\/liloyoga.com\/en\/wp-json\/wp\/v2\/comments?post=36"}],"version-history":[{"count":49,"href":"https:\/\/liloyoga.com\/en\/wp-json\/wp\/v2\/pages\/36\/revisions"}],"predecessor-version":[{"id":759,"href":"https:\/\/liloyoga.com\/en\/wp-json\/wp\/v2\/pages\/36\/revisions\/759"}],"wp:featuredmedia":[{"embeddable":true,"href":"https:\/\/liloyoga.com\/en\/wp-json\/wp\/v2\/media\/98"}],"wp:attachment":[{"href":"https:\/\/liloyoga.com\/en\/wp-json\/wp\/v2\/media?parent=36"}],"curies":[{"name":"wp","href":"https:\/\/api.w.org\/{rel}","templated":true}]}}